{"id":211,"date":"2020-03-14T19:04:01","date_gmt":"2020-03-14T19:04:01","guid":{"rendered":"http:\/\/aslimpieza.mx\/v1\/?page_id=211"},"modified":"2020-03-14T19:06:49","modified_gmt":"2020-03-14T19:06:49","slug":"escuelas","status":"publish","type":"page","link":"https:\/\/aslimpieza.mx\/index.php\/escuelas\/","title":{"rendered":"Escuelas"},"content":{"rendered":"\n<div class=\"is-layout-flex wp-container-3 wp-block-columns\">\n<div class=\"is-layout-flow wp-block-column\">\n<div class=\"wp-block-image\"><figure class=\"aligncenter size-large is-resized\"><img decoding=\"async\" loading=\"lazy\" src=\"http:\/\/aslimpieza.mx\/v1\/wp-content\/uploads\/2020\/03\/WhatsApp-Image-2018-05-18-at-12.00.51-PM-1-578x1024.jpeg\" alt=\"\" class=\"wp-image-212\" width=\"246\" height=\"435\" srcset=\"https:\/\/aslimpieza.mx\/wp-content\/uploads\/2020\/03\/WhatsApp-Image-2018-05-18-at-12.00.51-PM-1-578x1024.jpeg 578w, https:\/\/aslimpieza.mx\/wp-content\/uploads\/2020\/03\/WhatsApp-Image-2018-05-18-at-12.00.51-PM-1-169x300.jpeg 169w, https:\/\/aslimpieza.mx\/wp-content\/uploads\/2020\/03\/WhatsApp-Image-2018-05-18-at-12.00.51-PM-1-609x1080.jpeg 609w, https:\/\/aslimpieza.mx\/wp-content\/uploads\/2020\/03\/WhatsApp-Image-2018-05-18-at-12.00.51-PM-1.jpeg 722w\" sizes=\"(max-width: 246px) 100vw, 246px\" \/><\/figure><\/div>\n<\/div>\n\n\n\n<div class=\"is-layout-flow wp-block-column\">\n<h2>Hemos desarrollado un programa especial de limpieza y desinfecci\u00f3n de estos espacios a trav\u00e9s de protocolos diarios de aseo y servicios de limpieza profunda de manera peri\u00f3dica.   <\/h2>\n<\/div>\n<\/div>\n\n\n\n<div class=\"is-layout-flex wp-container-6 wp-block-columns\">\n<div class=\"is-layout-flow wp-block-column\">\n<br>\n\n\n\n<h2>Ofrecemos<\/h2>\n\n\n\n<p>Servicio impecable a trav\u00e9s de pr\u00e1cticas de limpieza que maximizan la eficiencia y generan ahorros para su instituci\u00f3n.<\/p>\n\n\n\n<p> Personal dedicado y experimentado para enfrentar cualquier tipo de limpieza.<\/p>\n<\/div>\n\n\n\n<div class=\"is-layout-flow wp-block-column\">\n<div class=\"wp-block-image\"><figure class=\"aligncenter size-large is-resized\"><img decoding=\"async\" loading=\"lazy\" src=\"http:\/\/aslimpieza.mx\/v1\/wp-content\/uploads\/2020\/03\/WhatsApp-Image-2018-07-20-at-1.12.43-PM-1-768x1024.jpeg\" alt=\"\" class=\"wp-image-219\" width=\"194\" height=\"258\" srcset=\"https:\/\/aslimpieza.mx\/wp-content\/uploads\/2020\/03\/WhatsApp-Image-2018-07-20-at-1.12.43-PM-1-768x1024.jpeg 768w, https:\/\/aslimpieza.mx\/wp-content\/uploads\/2020\/03\/WhatsApp-Image-2018-07-20-at-1.12.43-PM-1-225x300.jpeg 225w, https:\/\/aslimpieza.mx\/wp-content\/uploads\/2020\/03\/WhatsApp-Image-2018-07-20-at-1.12.43-PM-1-810x1080.jpeg 810w, https:\/\/aslimpieza.mx\/wp-content\/uploads\/2020\/03\/WhatsApp-Image-2018-07-20-at-1.12.43-PM-1.jpeg 960w\" sizes=\"(max-width: 194px) 100vw, 194px\" \/><\/figure><\/div>\n<\/div>\n<\/div>\n","protected":false},"excerpt":{"rendered":"<p>Hemos desarrollado un programa especial de limpieza y desinfecci\u00f3n de estos espacios a trav\u00e9s de protocolos diarios de aseo y servicios de limpieza profunda de manera peri\u00f3dica. Ofrecemos Servicio impecable a trav\u00e9s de pr\u00e1cticas de limpieza que maximizan la eficiencia y generan ahorros para su instituci\u00f3n. Personal dedicado y experimentado para enfrentar cualquier tipo de&hellip; <br \/> <a class=\"button small blue\" href=\"https:\/\/aslimpieza.mx\/index.php\/escuelas\/\">Read more<\/a><\/p>\n","protected":false},"author":1,"featured_media":0,"parent":0,"menu_order":0,"comment_status":"closed","ping_status":"closed","template":"","meta":[],"yoast_head":"<!-- This site is optimized with the Yoast SEO plugin v14.9 - https:\/\/yoast.com\/wordpress\/plugins\/seo\/ -->\n<title>Escuelas - As Limpieza S.A. de C.V.<\/title>\n<meta name=\"robots\" content=\"index, follow, max-snippet:-1, max-image-preview:large, max-video-preview:-1\" \/>\n<link rel=\"canonical\" href=\"https:\/\/aslimpieza.mx\/index.php\/escuelas\/\" \/>\n<meta property=\"og:locale\" content=\"es_MX\" \/>\n<meta property=\"og:type\" content=\"article\" \/>\n<meta property=\"og:title\" content=\"Escuelas - As Limpieza S.A. de C.V.\" \/>\n<meta property=\"og:description\" content=\"Hemos desarrollado un programa especial de limpieza y desinfecci\u00f3n de estos espacios a trav\u00e9s de protocolos diarios de aseo y servicios de limpieza profunda de manera peri\u00f3dica. Ofrecemos Servicio impecable a trav\u00e9s de pr\u00e1cticas de limpieza que maximizan la eficiencia y generan ahorros para su instituci\u00f3n. Personal dedicado y experimentado para enfrentar cualquier tipo de&hellip; Read more\" \/>\n<meta property=\"og:url\" content=\"https:\/\/aslimpieza.mx\/index.php\/escuelas\/\" \/>\n<meta property=\"og:site_name\" content=\"As Limpieza S.A. de C.V.\" \/>\n<meta property=\"article:publisher\" content=\"https:\/\/www.facebook.com\/AsLimpiezaSA\/\" \/>\n<meta property=\"article:modified_time\" content=\"2020-03-14T19:06:49+00:00\" \/>\n<meta property=\"og:image\" content=\"http:\/\/aslimpieza.mx\/v1\/wp-content\/uploads\/2020\/03\/WhatsApp-Image-2018-05-18-at-12.00.51-PM-1-578x1024.jpeg\" \/>\n<meta name=\"twitter:card\" content=\"summary_large_image\" \/>\n<script type=\"application\/ld+json\" class=\"yoast-schema-graph\">{\"@context\":\"https:\/\/schema.org\",\"@graph\":[{\"@type\":\"Organization\",\"@id\":\"https:\/\/aslimpieza.mx\/#organization\",\"name\":\"As Limpieza S.A. de C.V.\",\"url\":\"https:\/\/aslimpieza.mx\/\",\"sameAs\":[\"https:\/\/www.facebook.com\/AsLimpiezaSA\/\"],\"logo\":{\"@type\":\"ImageObject\",\"@id\":\"https:\/\/aslimpieza.mx\/#logo\",\"inLanguage\":\"es-MX\",\"url\":\"https:\/\/aslimpieza.mx\/wp-content\/uploads\/2020\/02\/logo-as-limpieza.png\",\"width\":804,\"height\":288,\"caption\":\"As Limpieza S.A. de C.V.\"},\"image\":{\"@id\":\"https:\/\/aslimpieza.mx\/#logo\"}},{\"@type\":\"WebSite\",\"@id\":\"https:\/\/aslimpieza.mx\/#website\",\"url\":\"https:\/\/aslimpieza.mx\/\",\"name\":\"As Limpieza S.A. de C.V.\",\"description\":\"Realizamos todo tipo de relacionado con limpieza\",\"publisher\":{\"@id\":\"https:\/\/aslimpieza.mx\/#organization\"},\"potentialAction\":[{\"@type\":\"SearchAction\",\"target\":\"https:\/\/aslimpieza.mx\/?s={search_term_string}\",\"query-input\":\"required name=search_term_string\"}],\"inLanguage\":\"es-MX\"},{\"@type\":\"ImageObject\",\"@id\":\"https:\/\/aslimpieza.mx\/index.php\/escuelas\/#primaryimage\",\"inLanguage\":\"es-MX\",\"url\":\"http:\/\/aslimpieza.mx\/v1\/wp-content\/uploads\/2020\/03\/WhatsApp-Image-2018-05-18-at-12.00.51-PM-1-578x1024.jpeg\"},{\"@type\":\"WebPage\",\"@id\":\"https:\/\/aslimpieza.mx\/index.php\/escuelas\/#webpage\",\"url\":\"https:\/\/aslimpieza.mx\/index.php\/escuelas\/\",\"name\":\"Escuelas - As Limpieza S.A. de C.V.\",\"isPartOf\":{\"@id\":\"https:\/\/aslimpieza.mx\/#website\"},\"primaryImageOfPage\":{\"@id\":\"https:\/\/aslimpieza.mx\/index.php\/escuelas\/#primaryimage\"},\"datePublished\":\"2020-03-14T19:04:01+00:00\",\"dateModified\":\"2020-03-14T19:06:49+00:00\",\"breadcrumb\":{\"@id\":\"https:\/\/aslimpieza.mx\/index.php\/escuelas\/#breadcrumb\"},\"inLanguage\":\"es-MX\",\"potentialAction\":[{\"@type\":\"ReadAction\",\"target\":[\"https:\/\/aslimpieza.mx\/index.php\/escuelas\/\"]}]},{\"@type\":\"BreadcrumbList\",\"@id\":\"https:\/\/aslimpieza.mx\/index.php\/escuelas\/#breadcrumb\",\"itemListElement\":[{\"@type\":\"ListItem\",\"position\":1,\"item\":{\"@type\":\"WebPage\",\"@id\":\"https:\/\/aslimpieza.mx\/\",\"url\":\"https:\/\/aslimpieza.mx\/\",\"name\":\"Inicio\"}},{\"@type\":\"ListItem\",\"position\":2,\"item\":{\"@type\":\"WebPage\",\"@id\":\"https:\/\/aslimpieza.mx\/index.php\/escuelas\/\",\"url\":\"https:\/\/aslimpieza.mx\/index.php\/escuelas\/\",\"name\":\"Escuelas\"}}]}]}<\/script>\n<!-- \/ Yoast SEO plugin. -->","_links":{"self":[{"href":"https:\/\/aslimpieza.mx\/index.php\/wp-json\/wp\/v2\/pages\/211"}],"collection":[{"href":"https:\/\/aslimpieza.mx\/index.php\/wp-json\/wp\/v2\/pages"}],"about":[{"href":"https:\/\/aslimpieza.mx\/index.php\/wp-json\/wp\/v2\/types\/page"}],"author":[{"embeddable":true,"href":"https:\/\/aslimpieza.mx\/index.php\/wp-json\/wp\/v2\/users\/1"}],"replies":[{"embeddable":true,"href":"https:\/\/aslimpieza.mx\/index.php\/wp-json\/wp\/v2\/comments?post=211"}],"version-history":[{"count":9,"href":"https:\/\/aslimpieza.mx\/index.php\/wp-json\/wp\/v2\/pages\/211\/revisions"}],"predecessor-version":[{"id":225,"href":"https:\/\/aslimpieza.mx\/index.php\/wp-json\/wp\/v2\/pages\/211\/revisions\/225"}],"wp:attachment":[{"href":"https:\/\/aslimpieza.mx\/index.php\/wp-json\/wp\/v2\/media?parent=211"}],"curies":[{"name":"wp","href":"https:\/\/api.w.org\/{rel}","templated":true}]}}