{"id":94,"date":"2020-03-14T17:50:49","date_gmt":"2020-03-14T17:50:49","guid":{"rendered":"http:\/\/aslimpieza.mx\/v1\/?page_id=94"},"modified":"2020-04-09T15:41:31","modified_gmt":"2020-04-09T15:41:31","slug":"nosotros","status":"publish","type":"page","link":"https:\/\/aslimpieza.mx\/index.php\/nosotros\/","title":{"rendered":"Nosotros"},"content":{"rendered":"\n<h2 class=\"has-text-align-center\">Misi\u00f3n<\/h2>\n\n\n\n<p class=\"has-text-align-center\"> Somos una empresa l\u00edder en el sector de limpieza, vanguardista en todo momento desarrollando soluciones de limpieza, desinfecci\u00f3n, mantenimiento, jardiner\u00eda y cafeter\u00eda, para satisfacer ampliamente las expectativas de nuestros clientes ofreciendo productos de calidad, aplic\u00e1ndolo mediante un talento humano altamente capacitado.<\/p>\n\n\n\n<h2 class=\"has-text-align-center\">Visi\u00f3n<\/h2>\n\n\n\n<p class=\"has-text-align-center\"> Ser una empresa reconocida a nivel nacional, generado siempre confianza, calidad y profesionalismo con nuestros clientes, superando los est\u00e1ndares de calidad a trav\u00e9s del talento humano, mejora continua y tecnolog\u00eda.<\/p>\n\n\n\n<h2 class=\"has-text-align-center\">Valores<\/h2>\n\n\n\n<p class=\"has-text-align-center\"><strong>Responsabilidad<\/strong><\/p>\n\n\n\n<p class=\"has-text-align-center\">Nos comprometemos a brindar estabilidad y buenas condiciones laborales, entregando bienes y servicios de calidad, dando cumplimiento a todas nuestras obligaciones de cualquier \u00edndole. <\/p>\n\n\n\n<p class=\"has-text-align-center\"> <strong>Integridad<\/strong><\/p>\n\n\n\n<p class=\"has-text-align-center\"> Dispuestos mejorar cada d\u00eda el cumplimiento de nuestras metas y objetivos de la empresa. <\/p>\n\n\n\n<p class=\"has-text-align-center\"> <strong>Honestidad<\/strong><\/p>\n\n\n\n<p class=\"has-text-align-center\"> Promovemos como elemento primordial que genera la confianza y credibilidad de nuestra empresa. <\/p>\n\n\n\n<p class=\"has-text-align-center\"> <strong>Trabajo en Equipo<\/strong><\/p>\n\n\n\n<p class=\"has-text-align-center\">Nos integramos para el logro de los objetivos de la empresa y la satisfacci\u00f3n del cliente. <\/p>\n\n\n\n<p class=\"has-text-align-center\"> <strong>Comunicaci\u00f3n<\/strong><\/p>\n\n\n\n<p class=\"has-text-align-center\">Escuchamos y atendemos las necesidades de nuestros clientes y empleados para poder lograr nuestros objetivos en conjunto. <\/p>\n\n\n\n<p class=\"has-text-align-center\"> <strong>Calidad<\/strong><\/p>\n\n\n\n<p class=\"has-text-align-center\">Nos dedicamos a brindar el servicio que nuestro cliente necesita de acuerdo a sus expectativas mejorando la imagen de su empresa, considerando a nuestros elementos haciendo la diferencia entre un \u201cBuen servicio\u201d y un \u201cExcelente servicio\u201d. <\/p>\n\n\n\n<p class=\"has-text-align-center\"> <strong>Puntualidad<\/strong><\/p>\n\n\n\n<p class=\"has-text-align-center\"><strong> <\/strong>Consideramos que es un factor importante debido a que es s\u00edmbolo de cortes\u00eda educaci\u00f3n y respeto cumpliendo nuestro compromiso con el cliente. <\/p>\n\n\n\n<p class=\"has-text-align-center\"><strong>Buen ambiente laboral<\/strong><\/p>\n\n\n\n<p class=\"has-text-align-center\">Conociendo que nuestra fuerza laboral son nuestros empleados, hacemos todos lo necesario para que se sientan contentos con sus labores, siempre d\u00e1ndoles un espacio y el reconocimiento que se merecen.<\/p>\n\n\n\n<div class=\"wp-block-image\"><figure class=\"aligncenter size-large\"><img decoding=\"async\" loading=\"lazy\" width=\"640\" height=\"337\" src=\"http:\/\/aslimpieza.mx\/v1\/wp-content\/uploads\/2020\/02\/Excelente-equiop-de-trabajo-2.jpg\" alt=\"as-limpieza-equipo-trabajo\" class=\"wp-image-46\" srcset=\"https:\/\/aslimpieza.mx\/wp-content\/uploads\/2020\/02\/Excelente-equiop-de-trabajo-2.jpg 640w, https:\/\/aslimpieza.mx\/wp-content\/uploads\/2020\/02\/Excelente-equiop-de-trabajo-2-300x158.jpg 300w\" sizes=\"(max-width: 640px) 100vw, 640px\" \/><\/figure><\/div>\n","protected":false},"excerpt":{"rendered":"<p>Misi\u00f3n Somos una empresa l\u00edder en el sector de limpieza, vanguardista en todo momento desarrollando soluciones de limpieza, desinfecci\u00f3n, mantenimiento, jardiner\u00eda y cafeter\u00eda, para satisfacer ampliamente las expectativas de nuestros clientes ofreciendo productos de calidad, aplic\u00e1ndolo mediante un talento humano altamente capacitado. Visi\u00f3n Ser una empresa reconocida a nivel nacional, generado siempre confianza, calidad y&hellip; <br \/> <a class=\"button small blue\" href=\"https:\/\/aslimpieza.mx\/index.php\/nosotros\/\">Read more<\/a><\/p>\n","protected":false},"author":1,"featured_media":0,"parent":0,"menu_order":0,"comment_status":"closed","ping_status":"closed","template":"","meta":[],"yoast_head":"<!-- This site is optimized with the Yoast SEO plugin v14.9 - https:\/\/yoast.com\/wordpress\/plugins\/seo\/ -->\n<title>Nosotros - As Limpieza S.A. de C.V.<\/title>\n<meta name=\"robots\" content=\"index, follow, max-snippet:-1, max-image-preview:large, max-video-preview:-1\" \/>\n<link rel=\"canonical\" href=\"https:\/\/aslimpieza.mx\/index.php\/nosotros\/\" \/>\n<meta property=\"og:locale\" content=\"es_MX\" \/>\n<meta property=\"og:type\" content=\"article\" \/>\n<meta property=\"og:title\" content=\"Nosotros - As Limpieza S.A. de C.V.\" \/>\n<meta property=\"og:description\" content=\"Misi\u00f3n Somos una empresa l\u00edder en el sector de limpieza, vanguardista en todo momento desarrollando soluciones de limpieza, desinfecci\u00f3n, mantenimiento, jardiner\u00eda y cafeter\u00eda, para satisfacer ampliamente las expectativas de nuestros clientes ofreciendo productos de calidad, aplic\u00e1ndolo mediante un talento humano altamente capacitado. Visi\u00f3n Ser una empresa reconocida a nivel nacional, generado siempre confianza, calidad y&hellip; Read more\" \/>\n<meta property=\"og:url\" content=\"https:\/\/aslimpieza.mx\/index.php\/nosotros\/\" \/>\n<meta property=\"og:site_name\" content=\"As Limpieza S.A. de C.V.\" \/>\n<meta property=\"article:publisher\" content=\"https:\/\/www.facebook.com\/AsLimpiezaSA\/\" \/>\n<meta property=\"article:modified_time\" content=\"2020-04-09T15:41:31+00:00\" \/>\n<meta property=\"og:image\" content=\"http:\/\/aslimpieza.mx\/v1\/wp-content\/uploads\/2020\/02\/Excelente-equiop-de-trabajo-2.jpg\" \/>\n<meta name=\"twitter:card\" content=\"summary_large_image\" \/>\n<script type=\"application\/ld+json\" class=\"yoast-schema-graph\">{\"@context\":\"https:\/\/schema.org\",\"@graph\":[{\"@type\":\"Organization\",\"@id\":\"https:\/\/aslimpieza.mx\/#organization\",\"name\":\"As Limpieza S.A. de C.V.\",\"url\":\"https:\/\/aslimpieza.mx\/\",\"sameAs\":[\"https:\/\/www.facebook.com\/AsLimpiezaSA\/\"],\"logo\":{\"@type\":\"ImageObject\",\"@id\":\"https:\/\/aslimpieza.mx\/#logo\",\"inLanguage\":\"es-MX\",\"url\":\"https:\/\/aslimpieza.mx\/wp-content\/uploads\/2020\/02\/logo-as-limpieza.png\",\"width\":804,\"height\":288,\"caption\":\"As Limpieza S.A. de C.V.\"},\"image\":{\"@id\":\"https:\/\/aslimpieza.mx\/#logo\"}},{\"@type\":\"WebSite\",\"@id\":\"https:\/\/aslimpieza.mx\/#website\",\"url\":\"https:\/\/aslimpieza.mx\/\",\"name\":\"As Limpieza S.A. de C.V.\",\"description\":\"Realizamos todo tipo de relacionado con limpieza\",\"publisher\":{\"@id\":\"https:\/\/aslimpieza.mx\/#organization\"},\"potentialAction\":[{\"@type\":\"SearchAction\",\"target\":\"https:\/\/aslimpieza.mx\/?s={search_term_string}\",\"query-input\":\"required name=search_term_string\"}],\"inLanguage\":\"es-MX\"},{\"@type\":\"ImageObject\",\"@id\":\"https:\/\/aslimpieza.mx\/index.php\/nosotros\/#primaryimage\",\"inLanguage\":\"es-MX\",\"url\":\"http:\/\/aslimpieza.mx\/v1\/wp-content\/uploads\/2020\/02\/Excelente-equiop-de-trabajo-2.jpg\"},{\"@type\":\"WebPage\",\"@id\":\"https:\/\/aslimpieza.mx\/index.php\/nosotros\/#webpage\",\"url\":\"https:\/\/aslimpieza.mx\/index.php\/nosotros\/\",\"name\":\"Nosotros - As Limpieza S.A. de C.V.\",\"isPartOf\":{\"@id\":\"https:\/\/aslimpieza.mx\/#website\"},\"primaryImageOfPage\":{\"@id\":\"https:\/\/aslimpieza.mx\/index.php\/nosotros\/#primaryimage\"},\"datePublished\":\"2020-03-14T17:50:49+00:00\",\"dateModified\":\"2020-04-09T15:41:31+00:00\",\"breadcrumb\":{\"@id\":\"https:\/\/aslimpieza.mx\/index.php\/nosotros\/#breadcrumb\"},\"inLanguage\":\"es-MX\",\"potentialAction\":[{\"@type\":\"ReadAction\",\"target\":[\"https:\/\/aslimpieza.mx\/index.php\/nosotros\/\"]}]},{\"@type\":\"BreadcrumbList\",\"@id\":\"https:\/\/aslimpieza.mx\/index.php\/nosotros\/#breadcrumb\",\"itemListElement\":[{\"@type\":\"ListItem\",\"position\":1,\"item\":{\"@type\":\"WebPage\",\"@id\":\"https:\/\/aslimpieza.mx\/\",\"url\":\"https:\/\/aslimpieza.mx\/\",\"name\":\"Inicio\"}},{\"@type\":\"ListItem\",\"position\":2,\"item\":{\"@type\":\"WebPage\",\"@id\":\"https:\/\/aslimpieza.mx\/index.php\/nosotros\/\",\"url\":\"https:\/\/aslimpieza.mx\/index.php\/nosotros\/\",\"name\":\"Nosotros\"}}]}]}<\/script>\n<!-- \/ Yoast SEO plugin. -->","_links":{"self":[{"href":"https:\/\/aslimpieza.mx\/index.php\/wp-json\/wp\/v2\/pages\/94"}],"collection":[{"href":"https:\/\/aslimpieza.mx\/index.php\/wp-json\/wp\/v2\/pages"}],"about":[{"href":"https:\/\/aslimpieza.mx\/index.php\/wp-json\/wp\/v2\/types\/page"}],"author":[{"embeddable":true,"href":"https:\/\/aslimpieza.mx\/index.php\/wp-json\/wp\/v2\/users\/1"}],"replies":[{"embeddable":true,"href":"https:\/\/aslimpieza.mx\/index.php\/wp-json\/wp\/v2\/comments?post=94"}],"version-history":[{"count":9,"href":"https:\/\/aslimpieza.mx\/index.php\/wp-json\/wp\/v2\/pages\/94\/revisions"}],"predecessor-version":[{"id":304,"href":"https:\/\/aslimpieza.mx\/index.php\/wp-json\/wp\/v2\/pages\/94\/revisions\/304"}],"wp:attachment":[{"href":"https:\/\/aslimpieza.mx\/index.php\/wp-json\/wp\/v2\/media?parent=94"}],"curies":[{"name":"wp","href":"https:\/\/api.w.org\/{rel}","templated":true}]}}